{"id":11,"date":"2020-08-12T13:49:16","date_gmt":"2020-08-12T13:49:16","guid":{"rendered":"https:\/\/testersites.lauracorrea.fr\/?page_id=11"},"modified":"2020-09-22T12:53:43","modified_gmt":"2020-09-22T12:53:43","slug":"about-us","status":"publish","type":"page","link":"https:\/\/labourdere.com\/fr\/qui-sommes-nous","title":{"rendered":"\u00c0 propos"},"content":{"rendered":"<div data-elementor-type=\"wp-page\" data-elementor-id=\"11\" class=\"elementor elementor-11\">\n\t\t\t\t\t\t<section class=\"has_ae_slider elementor-section elementor-top-section elementor-element elementor-element-568f660 elementor-section-boxed elementor-section-height-default elementor-section-height-default ae-bg-gallery-type-default\" data-id=\"568f660\" data-element_type=\"section\">\n\t\t\t\t\t\t<div class=\"elementor-container elementor-column-gap-default\">\n\t\t\t\t\t<div class=\"has_ae_slider elementor-column elementor-col-50 elementor-top-column elementor-element elementor-element-c675d4a ae-bg-gallery-type-default\" data-id=\"c675d4a\" data-element_type=\"column\">\n\t\t\t<div class=\"elementor-widget-wrap elementor-element-populated\">\n\t\t\t\t\t\t<section class=\"has_ae_slider elementor-section elementor-inner-section elementor-element elementor-element-9d7cb9a elementor-section-boxed elementor-section-height-default elementor-section-height-default ae-bg-gallery-type-default\" data-id=\"9d7cb9a\" data-element_type=\"section\">\n\t\t\t\t\t\t<div class=\"elementor-container elementor-column-gap-default\">\n\t\t\t\t\t<div class=\"has_ae_slider elementor-column elementor-col-100 elementor-inner-column elementor-element elementor-element-3b3b4c0 ae-bg-gallery-type-default\" data-id=\"3b3b4c0\" data-element_type=\"column\">\n\t\t\t<div class=\"elementor-widget-wrap elementor-element-populated\">\n\t\t\t\t\t\t<div class=\"elementor-element elementor-element-813331f elementor-widget elementor-widget-ae-custom-field\" data-id=\"813331f\" data-element_type=\"widget\" data-widget_type=\"ae-custom-field.default\">\n\t\t\t\t<div class=\"elementor-widget-container\">\n\t\t\t\n\t\t<div class=\"cf-type-image ae-cf-wrapper\">\n\t\t\t<div class=\"ae-element-custom-field\"><a href=\"https:\/\/labourdere.com\/wp-content\/uploads\/2020\/09\/P1000860-scaled.jpg\" title=\"\u00c0 propos\"><img fetchpriority=\"high\" width=\"1024\" height=\"576\" src=\"https:\/\/labourdere.com\/wp-content\/uploads\/2020\/09\/P1000860-1024x576.jpg\" class=\"attachment-large size-large\" alt=\"\" decoding=\"async\" srcset=\"https:\/\/labourdere.com\/wp-content\/uploads\/2020\/09\/P1000860-1024x576.jpg 1024w, https:\/\/labourdere.com\/wp-content\/uploads\/2020\/09\/P1000860-300x169.jpg 300w, https:\/\/labourdere.com\/wp-content\/uploads\/2020\/09\/P1000860-768x432.jpg 768w, https:\/\/labourdere.com\/wp-content\/uploads\/2020\/09\/P1000860-1536x864.jpg 1536w, https:\/\/labourdere.com\/wp-content\/uploads\/2020\/09\/P1000860-2048x1152.jpg 2048w\" sizes=\"(max-width: 1024px) 100vw, 1024px\" \/><\/a><\/div>\t\t<\/div>\n\t\t\t\t<\/div>\n\t\t\t\t<\/div>\n\t\t\t\t<div class=\"elementor-element elementor-element-7b0d866 elementor-widget elementor-widget-heading\" data-id=\"7b0d866\" data-element_type=\"widget\" data-widget_type=\"heading.default\">\n\t\t\t\t<div class=\"elementor-widget-container\">\n\t\t\t<h2 class=\"elementor-heading-title elementor-size-default\">Suzanne<\/h2>\t\t<\/div>\n\t\t\t\t<\/div>\n\t\t\t\t<div class=\"elementor-element elementor-element-446adca elementor-widget elementor-widget-ae-custom-field\" data-id=\"446adca\" data-element_type=\"widget\" data-widget_type=\"ae-custom-field.default\">\n\t\t\t\t<div class=\"elementor-widget-container\">\n\t\t\t\n\t\t<div class=\"cf-type-text ae-cf-wrapper\">\n\t\t\t<p class=\"ae-element-custom-field\">Violoncelliste baroque et moderne, Susan se produit r\u00e9guli\u00e8rement avec des ensembles tels que les Sacqueboutiers de Toulouse. Apr\u00e8s des \u00e9tudes \u00e0 Manchester et en Allemagne, elle a \u00e9galement travaill\u00e9 en Palestine pour la Fondation Barenboim-Said et cr\u00e9\u00e9 l&#039;association \u00ab Musique de Chambre dans le Gers \u00bb<\/p>\t\t<\/div>\n\t\t\t\t<\/div>\n\t\t\t\t<\/div>\n\t\t\t\t\t<\/div>\n\t\t<\/div>\n\t\t\t\t\t<\/div>\n\t\t<\/section>\n\t\t\t\t\t<\/div>\n\t\t<\/div>\n\t\t\t\t<div class=\"has_ae_slider elementor-column elementor-col-50 elementor-top-column elementor-element elementor-element-6687fc2 ae-bg-gallery-type-default\" data-id=\"6687fc2\" data-element_type=\"column\">\n\t\t\t<div class=\"elementor-widget-wrap elementor-element-populated\">\n\t\t\t\t\t\t<section class=\"has_ae_slider elementor-section elementor-inner-section elementor-element elementor-element-24e5108 elementor-section-boxed elementor-section-height-default elementor-section-height-default ae-bg-gallery-type-default\" data-id=\"24e5108\" data-element_type=\"section\">\n\t\t\t\t\t\t<div class=\"elementor-container elementor-column-gap-default\">\n\t\t\t\t\t<div class=\"has_ae_slider elementor-column elementor-col-100 elementor-inner-column elementor-element elementor-element-cc6722d ae-bg-gallery-type-default\" data-id=\"cc6722d\" data-element_type=\"column\">\n\t\t\t<div class=\"elementor-widget-wrap elementor-element-populated\">\n\t\t\t\t\t\t<div class=\"elementor-element elementor-element-eb98235 elementor-widget elementor-widget-ae-custom-field\" data-id=\"eb98235\" data-element_type=\"widget\" data-widget_type=\"ae-custom-field.default\">\n\t\t\t\t<div class=\"elementor-widget-container\">\n\t\t\t\n\t\t<div class=\"cf-type-image ae-cf-wrapper\">\n\t\t\t<div class=\"ae-element-custom-field\"><a href=\"https:\/\/labourdere.com\/wp-content\/uploads\/2020\/09\/20170802_210000-scaled.jpg\" title=\"\u00c0 propos\"><img width=\"1024\" height=\"768\" src=\"https:\/\/labourdere.com\/wp-content\/uploads\/2020\/09\/20170802_210000-1024x768.jpg\" class=\"attachment-large size-large\" alt=\"\" decoding=\"async\" srcset=\"https:\/\/labourdere.com\/wp-content\/uploads\/2020\/09\/20170802_210000-1024x768.jpg 1024w, https:\/\/labourdere.com\/wp-content\/uploads\/2020\/09\/20170802_210000-300x225.jpg 300w, https:\/\/labourdere.com\/wp-content\/uploads\/2020\/09\/20170802_210000-768x576.jpg 768w, https:\/\/labourdere.com\/wp-content\/uploads\/2020\/09\/20170802_210000-1536x1152.jpg 1536w, https:\/\/labourdere.com\/wp-content\/uploads\/2020\/09\/20170802_210000-2048x1536.jpg 2048w\" sizes=\"(max-width: 1024px) 100vw, 1024px\" \/><\/a><\/div>\t\t<\/div>\n\t\t\t\t<\/div>\n\t\t\t\t<\/div>\n\t\t\t\t<div class=\"elementor-element elementor-element-0feb4db elementor-widget elementor-widget-heading\" data-id=\"0feb4db\" data-element_type=\"widget\" data-widget_type=\"heading.default\">\n\t\t\t\t<div class=\"elementor-widget-container\">\n\t\t\t<h2 class=\"elementor-heading-title elementor-size-default\">Brian<\/h2>\t\t<\/div>\n\t\t\t\t<\/div>\n\t\t\t\t<div class=\"elementor-element elementor-element-7aa49dd elementor-widget elementor-widget-ae-custom-field\" data-id=\"7aa49dd\" data-element_type=\"widget\" data-widget_type=\"ae-custom-field.default\">\n\t\t\t\t<div class=\"elementor-widget-container\">\n\t\t\t\n\t\t<div class=\"cf-type-text ae-cf-wrapper\">\n\t\t\t<p class=\"ae-element-custom-field\">Bien que 25 ans dans le secteur de la publicit\u00e9 ne semblent pas \u00eatre la pr\u00e9paration id\u00e9ale pour r\u00e9nover un hameau abandonn\u00e9, le premier emploi de Brian en tant que maquettiste en architecture lui a donn\u00e9 toutes les comp\u00e9tences n\u00e9cessaires, bien qu&#039;\u00e0 une \u00e9chelle diff\u00e9rente.<\/p>\t\t<\/div>\n\t\t\t\t<\/div>\n\t\t\t\t<\/div>\n\t\t\t\t<div class=\"elementor-element elementor-element-d55c81d elementor-widget elementor-widget-spacer\" data-id=\"d55c81d\" data-element_type=\"widget\" data-widget_type=\"spacer.default\">\n\t\t\t\t<div class=\"elementor-widget-container\">\n\t\t\t\t\t<div class=\"elementor-spacer\">\n\t\t\t<div class=\"elementor-spacer-inner\"><\/div>\n\t\t<\/div>\n\t\t\t\t<\/div>\n\t\t\t\t<\/div>\n\t\t\t\t\t<\/div>\n\t\t<\/div>\n\t\t\t\t\t<\/div>\n\t\t<\/section>\n\t\t\t\t\t<\/div>\n\t\t<\/div>\n\t\t\t\t\t<\/div>\n\t\t<\/section>\n\t\t\t\t<section class=\"has_ae_slider elementor-section elementor-top-section elementor-element elementor-element-62c42ae elementor-section-boxed elementor-section-height-default elementor-section-height-default ae-bg-gallery-type-default\" data-id=\"62c42ae\" data-element_type=\"section\">\n\t\t\t\t\t\t<div class=\"elementor-container elementor-column-gap-default\">\n\t\t\t\t\t<div class=\"has_ae_slider elementor-column elementor-col-100 elementor-top-column elementor-element elementor-element-d3feb90 ae-bg-gallery-type-default\" data-id=\"d3feb90\" data-element_type=\"column\">\n\t\t\t<div class=\"elementor-widget-wrap elementor-element-populated\">\n\t\t\t\t\t\t<div class=\"elementor-element elementor-element-352ad2d elementor-widget elementor-widget-text-editor\" data-id=\"352ad2d\" data-element_type=\"widget\" data-widget_type=\"text-editor.default\">\n\t\t\t\t<div class=\"elementor-widget-container\">\n\t\t\t\t\t\t\t<p>En 2002, Brian et Susan Edward ont quitt\u00e9 leur maison du Lancashire, en Angleterre, et se sont lanc\u00e9s dans une aventure. Ils avaient achet\u00e9 un hameau abandonn\u00e9 dans le Gers, dans le sud-ouest de la France. 7 b\u00e2timents, pas de toits \u00e9tanches, une borne-fontaine, pas d&#039;\u00e9lectricit\u00e9, pas de toilettes, beaucoup de lierre et de broussailles et beaucoup d&#039;arbres fruitiers. Pourquoi ? Leur vision \u00e9tait de cr\u00e9er un centre artistique proposant des cours ax\u00e9s sur la musique, dans un endroit calme et isol\u00e9.<\/p>\n<p>Avec \u00ab petit \u00e0 petit \u00bb comme devise (petit \u00e0 petit), les progr\u00e8s ont \u00e9t\u00e9 lents mais s\u00fbrs. Parfois, les toits tombaient plus vite qu&#039;ils ne pouvaient les monter, mais apr\u00e8s pr\u00e8s de 2 d\u00e9cennies, la moiti\u00e9 du hameau est achev\u00e9e.<span class=\"Apple-converted-space\">\u00a0 <\/span>Sur place, il y a une salle de concert, une ferme pour les invit\u00e9s, un atelier de menuiserie, un studio de musique et leur propre maison. Ces installations leur permettent de proposer des cours de musique pour enfants et adultes, d&#039;organiser des retraites d&#039;artistes et de programmer une saison de concerts \u00e9clectiques.<\/p>\n\t\t\t\t\t\t<\/div>\n\t\t\t\t<\/div>\n\t\t\t\t<div class=\"elementor-element elementor-element-7b9426d9 elementor-widget elementor-widget-heading\" data-id=\"7b9426d9\" data-element_type=\"widget\" data-widget_type=\"heading.default\">\n\t\t\t\t<div class=\"elementor-widget-container\">\n\t\t\t<h2 class=\"elementor-heading-title elementor-size-default\">PHOTOS<\/h2>\t\t<\/div>\n\t\t\t\t<\/div>\n\t\t\t\t<div class=\"elementor-element elementor-element-6e108ad elementor-pagination-position-outside elementor-widget elementor-widget-image-carousel\" data-id=\"6e108ad\" data-element_type=\"widget\" data-settings=\"{&quot;slides_to_show&quot;:&quot;2&quot;,&quot;navigation&quot;:&quot;dots&quot;,&quot;image_spacing_custom&quot;:{&quot;unit&quot;:&quot;px&quot;,&quot;size&quot;:15,&quot;sizes&quot;:[]},&quot;autoplay&quot;:&quot;yes&quot;,&quot;pause_on_hover&quot;:&quot;yes&quot;,&quot;pause_on_interaction&quot;:&quot;yes&quot;,&quot;autoplay_speed&quot;:5000,&quot;infinite&quot;:&quot;yes&quot;,&quot;speed&quot;:500,&quot;image_spacing_custom_tablet&quot;:{&quot;unit&quot;:&quot;px&quot;,&quot;size&quot;:&quot;&quot;,&quot;sizes&quot;:[]},&quot;image_spacing_custom_mobile&quot;:{&quot;unit&quot;:&quot;px&quot;,&quot;size&quot;:&quot;&quot;,&quot;sizes&quot;:[]}}\" data-widget_type=\"image-carousel.default\">\n\t\t\t\t<div class=\"elementor-widget-container\">\n\t\t\t\t\t<div class=\"elementor-image-carousel-wrapper swiper\" dir=\"ltr\">\n\t\t\t<div class=\"elementor-image-carousel swiper-wrapper swiper-image-stretch\" aria-live=\"off\">\n\t\t\t\t\t\t\t\t<div class=\"swiper-slide\" role=\"group\" aria-roledescription=\"slide\" aria-label=\"1 sur 7\"><a data-elementor-open-lightbox=\"yes\" data-elementor-lightbox-slideshow=\"6e108ad\" data-elementor-lightbox-title=\"150105 016\" data-e-action-hash=\"#elementor-action%3Aaction%3Dlightbox%26settings%3DeyJpZCI6NDA2LCJ1cmwiOiJodHRwczpcL1wvbGFib3VyZGVyZS5jb21cL3dwLWNvbnRlbnRcL3VwbG9hZHNcLzIwMjBcLzA4XC8xNTAxMDUtMDE2LmpwZyIsInNsaWRlc2hvdyI6IjZlMTA4YWQifQ%3D%3D\" href=\"https:\/\/labourdere.com\/wp-content\/uploads\/2020\/08\/150105-016.jpg\"><figure class=\"swiper-slide-inner\"><img decoding=\"async\" class=\"swiper-slide-image\" src=\"https:\/\/labourdere.com\/wp-content\/uploads\/elementor\/thumbs\/150105-016-ovpba82088wjio6onri4z7sy3qtl27cioce3gwq4sw.jpg\" alt=\"150105 016\" \/><\/figure><\/a><\/div><div class=\"swiper-slide\" role=\"group\" aria-roledescription=\"slide\" aria-label=\"2 sur 7\"><a data-elementor-open-lightbox=\"yes\" data-elementor-lightbox-slideshow=\"6e108ad\" data-elementor-lightbox-title=\"20200412_175340\" data-e-action-hash=\"#elementor-action%3Aaction%3Dlightbox%26settings%3DeyJpZCI6NDEwLCJ1cmwiOiJodHRwczpcL1wvbGFib3VyZGVyZS5jb21cL3dwLWNvbnRlbnRcL3VwbG9hZHNcLzIwMjBcLzA4XC8yMDIwMDQxMl8xNzUzNDAtc2NhbGVkLmpwZyIsInNsaWRlc2hvdyI6IjZlMTA4YWQifQ%3D%3D\" href=\"https:\/\/labourdere.com\/wp-content\/uploads\/2020\/08\/20200412_175340-scaled.jpg\"><figure class=\"swiper-slide-inner\"><img decoding=\"async\" class=\"swiper-slide-image\" src=\"https:\/\/labourdere.com\/wp-content\/uploads\/elementor\/thumbs\/20200412_175340-scaled-ovpb9wrxy8h3ncn2hmmm5anez4d6hu3qmsk9pl6uvk.jpg\" alt=\"20200412_175340\" \/><\/figure><\/a><\/div><div class=\"swiper-slide\" role=\"group\" aria-roledescription=\"slide\" aria-label=\"3 sur 7\"><a data-elementor-open-lightbox=\"yes\" data-elementor-lightbox-slideshow=\"6e108ad\" data-elementor-lightbox-title=\"IMG_0200\" data-e-action-hash=\"#elementor-action%3Aaction%3Dlightbox%26settings%3DeyJpZCI6NDE5LCJ1cmwiOiJodHRwczpcL1wvbGFib3VyZGVyZS5jb21cL3dwLWNvbnRlbnRcL3VwbG9hZHNcLzIwMjBcLzA4XC9JTUdfMDIwMC1zY2FsZWQuanBnIiwic2xpZGVzaG93IjoiNmUxMDhhZCJ9\" href=\"https:\/\/labourdere.com\/wp-content\/uploads\/2020\/08\/IMG_0200-scaled.jpg\"><figure class=\"swiper-slide-inner\"><img decoding=\"async\" class=\"swiper-slide-image\" src=\"https:\/\/labourdere.com\/wp-content\/uploads\/elementor\/thumbs\/IMG_0200-scaled-ovpb9b5nl1ni8bigzva71y3tb9bqkspwvtk3o82wuo.jpg\" alt=\"IMG_0200\" \/><\/figure><\/a><\/div><div class=\"swiper-slide\" role=\"group\" aria-roledescription=\"slide\" aria-label=\"4 sur 7\"><a data-elementor-open-lightbox=\"yes\" data-elementor-lightbox-slideshow=\"6e108ad\" data-elementor-lightbox-title=\"IMG_0448\" data-e-action-hash=\"#elementor-action%3Aaction%3Dlightbox%26settings%3DeyJpZCI6NDIwLCJ1cmwiOiJodHRwczpcL1wvbGFib3VyZGVyZS5jb21cL3dwLWNvbnRlbnRcL3VwbG9hZHNcLzIwMjBcLzA4XC9JTUdfMDQ0OC1zY2FsZWQuanBnIiwic2xpZGVzaG93IjoiNmUxMDhhZCJ9\" href=\"https:\/\/labourdere.com\/wp-content\/uploads\/2020\/08\/IMG_0448-scaled.jpg\"><figure class=\"swiper-slide-inner\"><img decoding=\"async\" class=\"swiper-slide-image\" src=\"https:\/\/labourdere.com\/wp-content\/uploads\/elementor\/thumbs\/IMG_0448-scaled-ovpb98c50jjn9hmkgc2bcgtfj3pmxpepvfln8e73dc.jpg\" alt=\"IMG_0448\" \/><\/figure><\/a><\/div><div class=\"swiper-slide\" role=\"group\" aria-roledescription=\"slide\" aria-label=\"5 sur 7\"><a data-elementor-open-lightbox=\"yes\" data-elementor-lightbox-slideshow=\"6e108ad\" data-elementor-lightbox-title=\"Onions\" data-e-action-hash=\"#elementor-action%3Aaction%3Dlightbox%26settings%3DeyJpZCI6NDE4LCJ1cmwiOiJodHRwczpcL1wvbGFib3VyZGVyZS5jb21cL3dwLWNvbnRlbnRcL3VwbG9hZHNcLzIwMjBcLzA4XC9JTUdfMDA1NS1zY2FsZWQuanBnIiwic2xpZGVzaG93IjoiNmUxMDhhZCJ9\" href=\"https:\/\/labourdere.com\/wp-content\/uploads\/2020\/08\/IMG_0055-scaled.jpg\"><figure class=\"swiper-slide-inner\"><img decoding=\"async\" class=\"swiper-slide-image\" src=\"https:\/\/labourdere.com\/wp-content\/uploads\/elementor\/thumbs\/IMG_0055-scaled-ovpb9dz65jrd75edjei2rfe73exu7w13w7ik41yqc0.jpg\" alt=\"Oignons\" \/><\/figure><\/a><\/div><div class=\"swiper-slide\" role=\"group\" aria-roledescription=\"slide\" aria-label=\"6 sur 7\"><a data-elementor-open-lightbox=\"yes\" data-elementor-lightbox-slideshow=\"6e108ad\" data-elementor-lightbox-title=\"P1000415\" data-e-action-hash=\"#elementor-action%3Aaction%3Dlightbox%26settings%3DeyJpZCI6NDMyLCJ1cmwiOiJodHRwczpcL1wvbGFib3VyZGVyZS5jb21cL3dwLWNvbnRlbnRcL3VwbG9hZHNcLzIwMjBcLzA4XC9QMTAwMDQxNS1zY2FsZWQuanBnIiwic2xpZGVzaG93IjoiNmUxMDhhZCJ9\" href=\"https:\/\/labourdere.com\/wp-content\/uploads\/2020\/08\/P1000415-scaled.jpg\"><figure class=\"swiper-slide-inner\"><img decoding=\"async\" class=\"swiper-slide-image\" src=\"https:\/\/labourdere.com\/wp-content\/uploads\/elementor\/thumbs\/P1000415-scaled-ovpb8bfsdcalz4ycsfudf74aqm7sgas42wrnfpjvf4.jpg\" alt=\"P1000415\" \/><\/figure><\/a><\/div><div class=\"swiper-slide\" role=\"group\" aria-roledescription=\"slide\" aria-label=\"7 sur 7\"><a data-elementor-open-lightbox=\"yes\" data-elementor-lightbox-slideshow=\"6e108ad\" data-elementor-lightbox-title=\"DSC01023\" data-e-action-hash=\"#elementor-action%3Aaction%3Dlightbox%26settings%3DeyJpZCI6NDE2LCJ1cmwiOiJodHRwczpcL1wvbGFib3VyZGVyZS5jb21cL3dwLWNvbnRlbnRcL3VwbG9hZHNcLzIwMjBcLzA4XC9EU0MwMTAyMy5qcGciLCJzbGlkZXNob3ciOiI2ZTEwOGFkIn0%3D\" href=\"https:\/\/labourdere.com\/wp-content\/uploads\/2020\/08\/DSC01023.jpg\"><figure class=\"swiper-slide-inner\"><img decoding=\"async\" class=\"swiper-slide-image\" src=\"https:\/\/labourdere.com\/wp-content\/uploads\/elementor\/thumbs\/DSC01023-ovpb9jm7ajz34t66mgxu6dyynq61i2nhwzfgzpqdao.jpg\" alt=\"DSC01023\" \/><\/figure><\/a><\/div>\t\t\t<\/div>\n\t\t\t\t\t\t\t\n\t\t\t\t\t\t\t\t\t<div class=\"swiper-pagination\"><\/div>\n\t\t\t\t\t\t\t\t\t<\/div>\n\t\t\t\t<\/div>\n\t\t\t\t<\/div>\n\t\t\t\t\t<\/div>\n\t\t<\/div>\n\t\t\t\t\t<\/div>\n\t\t<\/section>\n\t\t\t\t<\/div>\n\t\t<!-- AddThis Advanced Settings generic via filter on the_content --><!-- AddThis Share Buttons generic via filter on the_content -->","protected":false},"excerpt":{"rendered":"<p>Susan A baroque and modern cellist, Susan performs regularly with ensembles such as the Sacqueboutiers de Toulouse. After studying in Manchester and Germany she has also worked in Palestine for the Barenboim-Said Foundation and created the association \u00ab Musique de Chambre dans le Gers \u00bb Brian Although 25 years in the advertising industry does not [&hellip;]<!-- AddThis Advanced Settings generic via filter on get_the_excerpt --><!-- AddThis Share Buttons generic via filter on get_the_excerpt --><\/p>\n","protected":false},"author":1,"featured_media":0,"parent":0,"menu_order":0,"comment_status":"closed","ping_status":"closed","template":"","meta":[],"acf":[],"yoast_head":"<!-- This site is optimized with the Yoast SEO Premium plugin v14.9 - https:\/\/yoast.com\/wordpress\/plugins\/seo\/ -->\n<title>About Us &raquo; La Bourd\u00e8re<\/title>\n<meta name=\"robots\" content=\"index, follow, max-snippet:-1, max-image-preview:large, max-video-preview:-1\" \/>\n<link rel=\"canonical\" href=\"https:\/\/labourdere.com\/fr\/qui-sommes-nous\" \/>\n<meta property=\"og:locale\" content=\"fr_FR\" \/>\n<meta property=\"og:type\" content=\"article\" \/>\n<meta property=\"og:title\" content=\"About Us &raquo; La Bourd\u00e8re\" \/>\n<meta property=\"og:description\" content=\"Susan A baroque and modern cellist, Susan performs regularly with ensembles such as the Sacqueboutiers de Toulouse. After studying in Manchester and Germany she has also worked in Palestine for the Barenboim-Said Foundation and created the association \u00ab Musique de Chambre dans le Gers \u00bb Brian Although 25 years in the advertising industry does not [&hellip;]\" \/>\n<meta property=\"og:url\" content=\"https:\/\/labourdere.com\/fr\/qui-sommes-nous\" \/>\n<meta property=\"og:site_name\" content=\"La Bourd\u00e8re\" \/>\n<meta property=\"article:modified_time\" content=\"2020-09-22T12:53:43+00:00\" \/>\n<meta property=\"og:image\" content=\"https:\/\/labourdere.com\/wp-content\/uploads\/2020\/09\/P1000860-1024x576.jpg\" \/>\n<meta name=\"twitter:card\" content=\"summary_large_image\" \/>\n<script type=\"application\/ld+json\" class=\"yoast-schema-graph\">{\"@context\":\"https:\/\/schema.org\",\"@graph\":[{\"@type\":\"Organization\",\"@id\":\"https:\/\/labourdere.com\/fr\/#organization\",\"name\":\"La Bourd\\u00e8re\",\"url\":\"https:\/\/labourdere.com\/fr\/\",\"sameAs\":[\"https:\/\/www.youtube.com\/channel\/UCaSpvZWB_T9G3axQcfLbOqA\"],\"logo\":{\"@type\":\"ImageObject\",\"@id\":\"https:\/\/labourdere.com\/fr\/#logo\",\"inLanguage\":\"fr-FR\",\"url\":\"https:\/\/labourdere.com\/wp-content\/uploads\/2020\/09\/Capture-decran-2020-09-15-a-19.37.58.png\",\"width\":2560,\"height\":1152,\"caption\":\"La Bourd\\u00e8re\"},\"image\":{\"@id\":\"https:\/\/labourdere.com\/fr\/#logo\"}},{\"@type\":\"WebSite\",\"@id\":\"https:\/\/labourdere.com\/fr\/#website\",\"url\":\"https:\/\/labourdere.com\/fr\/\",\"name\":\"La Bourd\\u00e8re\",\"description\":\"A haven for music | the arts\",\"publisher\":{\"@id\":\"https:\/\/labourdere.com\/fr\/#organization\"},\"potentialAction\":[{\"@type\":\"SearchAction\",\"target\":\"https:\/\/labourdere.com\/fr\/?s={search_term_string}\",\"query-input\":\"required name=search_term_string\"}],\"inLanguage\":\"fr-FR\"},{\"@type\":\"ImageObject\",\"@id\":\"https:\/\/labourdere.com\/fr\/qui-sommes-nous#primaryimage\",\"inLanguage\":\"fr-FR\",\"url\":\"https:\/\/labourdere.com\/wp-content\/uploads\/2020\/09\/P1000860-1024x576.jpg\"},{\"@type\":\"WebPage\",\"@id\":\"https:\/\/labourdere.com\/fr\/qui-sommes-nous#webpage\",\"url\":\"https:\/\/labourdere.com\/fr\/qui-sommes-nous\",\"name\":\"About Us &raquo; La Bourd\\u00e8re\",\"isPartOf\":{\"@id\":\"https:\/\/labourdere.com\/fr\/#website\"},\"primaryImageOfPage\":{\"@id\":\"https:\/\/labourdere.com\/fr\/qui-sommes-nous#primaryimage\"},\"datePublished\":\"2020-08-12T13:49:16+00:00\",\"dateModified\":\"2020-09-22T12:53:43+00:00\",\"breadcrumb\":{\"@id\":\"https:\/\/labourdere.com\/fr\/qui-sommes-nous#breadcrumb\"},\"inLanguage\":\"fr-FR\",\"potentialAction\":[{\"@type\":\"ReadAction\",\"target\":[\"https:\/\/labourdere.com\/fr\/qui-sommes-nous\"]}]},{\"@type\":\"BreadcrumbList\",\"@id\":\"https:\/\/labourdere.com\/fr\/qui-sommes-nous#breadcrumb\",\"itemListElement\":[{\"@type\":\"ListItem\",\"position\":1,\"item\":{\"@type\":\"WebPage\",\"@id\":\"https:\/\/labourdere.com\/fr\/\",\"url\":\"https:\/\/labourdere.com\/fr\/\",\"name\":\"Home\"}},{\"@type\":\"ListItem\",\"position\":2,\"item\":{\"@type\":\"WebPage\",\"@id\":\"https:\/\/labourdere.com\/fr\/qui-sommes-nous\",\"url\":\"https:\/\/labourdere.com\/fr\/qui-sommes-nous\",\"name\":\"About Us\"}}]}]}<\/script>\n<!-- \/ Yoast SEO Premium plugin. -->","_links":{"self":[{"href":"https:\/\/labourdere.com\/fr\/wp-json\/wp\/v2\/pages\/11"}],"collection":[{"href":"https:\/\/labourdere.com\/fr\/wp-json\/wp\/v2\/pages"}],"about":[{"href":"https:\/\/labourdere.com\/fr\/wp-json\/wp\/v2\/types\/page"}],"author":[{"embeddable":true,"href":"https:\/\/labourdere.com\/fr\/wp-json\/wp\/v2\/users\/1"}],"replies":[{"embeddable":true,"href":"https:\/\/labourdere.com\/fr\/wp-json\/wp\/v2\/comments?post=11"}],"version-history":[{"count":0,"href":"https:\/\/labourdere.com\/fr\/wp-json\/wp\/v2\/pages\/11\/revisions"}],"wp:attachment":[{"href":"https:\/\/labourdere.com\/fr\/wp-json\/wp\/v2\/media?parent=11"}],"curies":[{"name":"wp","href":"https:\/\/api.w.org\/{rel}","templated":true}]}}